{"id":22,"date":"2025-07-11T15:36:41","date_gmt":"2025-07-11T18:36:41","guid":{"rendered":"https:\/\/mardegranola.com.uy\/index.php\/mi-cuenta\/"},"modified":"2025-07-24T15:32:59","modified_gmt":"2025-07-24T18:32:59","slug":"mi-cuenta","status":"publish","type":"page","link":"https:\/\/mardegranola.com.uy\/index.php\/mi-cuenta\/","title":{"rendered":"Mi cuenta"},"content":{"rendered":"\t\t<div data-elementor-type=\"wp-page\" data-elementor-id=\"22\" class=\"elementor elementor-22\" data-elementor-post-type=\"page\">\n\t\t\t\t<div class=\"elementor-element elementor-element-564bdc0e e-flex e-con-boxed e-con e-parent\" data-id=\"564bdc0e\" data-element_type=\"container\">\n\t\t\t\t\t<div class=\"e-con-inner\">\n\t\t\t\t<div class=\"elementor-element elementor-element-588bd88 e-my-account-tabs-horizontal elementor-widget elementor-widget-woocommerce-my-account\" data-id=\"588bd88\" data-element_type=\"widget\" data-widget_type=\"woocommerce-my-account.default\">\n\t\t\t\t\t<div class=\"e-my-account-tab e-my-account-tab__ \">\t\t\t<div class=\"woocommerce\"><\/div>\t\t<\/div>\n\t\t\t\t\t\t<\/div>\n\t\t\t\t<div class=\"elementor-element elementor-element-3ca94f8 elementor-widget elementor-widget-spacer\" data-id=\"3ca94f8\" data-element_type=\"widget\" data-widget_type=\"spacer.default\">\n\t\t\t\t\t\t\t<div class=\"elementor-spacer\">\n\t\t\t<div class=\"elementor-spacer-inner\"><\/div>\n\t\t<\/div>\n\t\t\t\t\t\t<\/div>\n\t\t\t\t\t<\/div>\n\t\t\t\t<\/div>\n\t\t\t\t<\/div>\n\t\t","protected":false},"excerpt":{"rendered":"<p>Escritorio Pedidos Descargas Direcciones Detalles de la cuenta Cerrar sesi\u00f3n Escritorio Pedidos Descargas Direcciones Detalles de la cuenta Cerrar sesi\u00f3n Hola admin (\u00bfno eres admin? Cerrar sesi\u00f3n) Desde el escritorio de tu cuenta puedes ver tus pedidos recientes, gestionar tus direcciones de env\u00edo y facturaci\u00f3n y editar tu contrase\u00f1a y los detalles de tu cuenta.<\/p>\n","protected":false},"author":1,"featured_media":0,"parent":0,"menu_order":0,"comment_status":"closed","ping_status":"closed","template":"","meta":{"footnotes":""},"class_list":["post-22","page","type-page","status-publish","hentry"],"_links":{"self":[{"href":"https:\/\/mardegranola.com.uy\/index.php\/wp-json\/wp\/v2\/pages\/22","targetHints":{"allow":["GET"]}}],"collection":[{"href":"https:\/\/mardegranola.com.uy\/index.php\/wp-json\/wp\/v2\/pages"}],"about":[{"href":"https:\/\/mardegranola.com.uy\/index.php\/wp-json\/wp\/v2\/types\/page"}],"author":[{"embeddable":true,"href":"https:\/\/mardegranola.com.uy\/index.php\/wp-json\/wp\/v2\/users\/1"}],"replies":[{"embeddable":true,"href":"https:\/\/mardegranola.com.uy\/index.php\/wp-json\/wp\/v2\/comments?post=22"}],"version-history":[{"count":21,"href":"https:\/\/mardegranola.com.uy\/index.php\/wp-json\/wp\/v2\/pages\/22\/revisions"}],"predecessor-version":[{"id":635,"href":"https:\/\/mardegranola.com.uy\/index.php\/wp-json\/wp\/v2\/pages\/22\/revisions\/635"}],"wp:attachment":[{"href":"https:\/\/mardegranola.com.uy\/index.php\/wp-json\/wp\/v2\/media?parent=22"}],"curies":[{"name":"wp","href":"https:\/\/api.w.org\/{rel}","templated":true}]}}